{"id":260,"date":"2026-02-07T14:41:15","date_gmt":"2026-02-07T14:41:15","guid":{"rendered":"https:\/\/www.leamedica.it\/salute\/?post_type=product&#038;p=260"},"modified":"2026-02-07T14:41:18","modified_gmt":"2026-02-07T14:41:18","slug":"xenical","status":"publish","type":"product","link":"https:\/\/www.leamedica.it\/salute\/product\/xenical\/","title":{"rendered":"Xenical"},"content":{"rendered":"<br \/>\n<h1>XENICAL 120 mg capsule rigide &#8211; Foglietto Illustrativo<\/h1>\n<h2>1. Denominazione del medicinale<\/h2>\n<p>Xenical 120 mg capsule rigide<\/p>\n<p>Orlistat<\/p>\n<h2>2. Composizione qualitativa e quantitativa<\/h2>\n<p>Ogni capsula rigida contiene <strong>120 mg di orlistat<\/strong>.<\/p>\n<p>Per l&#8217;elenco completo degli eccipienti, vedere sezione 6.1.<\/p>\n<h2>3. Forma farmaceutica<\/h2>\n<p>Capsula rigida.<\/p>\n<p>Capsule rigide di colore blu\/turchese, con il marchio &#8220;XENICAL 120&#8221; stampigliato in nero su una delle due estremit\u00e0 e &#8220;Roche&#8221; sull&#8217;altra.<\/p>\n<h2>4. Informazioni cliniche<\/h2>\n<h3>4.1 Indicazioni terapeutiche<\/h3>\n<p>Xenical \u00e8 indicato in associazione a una dieta ipocalorica per il trattamento dell&#8217;obesit\u00e0, incluso il mantenimento del peso raggiunto dopo la perdita di peso, nei pazienti con indice di massa corporea (IMC o BMI &#8211; <em>Body Mass Index<\/em>) maggiore o uguale a 30 kg\/m\u00b2, oppure maggiore o uguale a 28 kg\/m\u00b2 in presenza di fattori di rischio associati (come diabete di tipo 2, dislipidemia, ipertensione).<\/p>\n<h3>4.2 Posologia e modo di somministrazione<\/h3>\n<p>La posologia raccomandata di Xenical \u00e8 di <strong>una capsula da 120 mg<\/strong> da assumere tre volte al giorno durante o entro un&#8217;ora da ogni pasto principale contenente grassi (colazione, pranzo e cena).<\/p>\n<p>Se un pasto viene saltato o se il pasto non contiene grassi, la dose di Xenical pu\u00f2 essere omessa. La capsula deve essere deglutita intera con acqua. Non superare la dose raccomandata di 360 mg al giorno.<\/p>\n<h4>Popolazioni speciali<\/h4>\n<dl>\n<dt>Anziani<\/dt>\n<dd>Non sono necessari aggiustamenti posologici in base all&#8217;et\u00e0.<\/dd>\n<dt>Compromissione epatica<\/dt>\n<dd>Non sono disponibili dati clinici per pazienti con compromissione epatica. L&#8217;uso di Xenical non \u00e8 raccomandato in questa popolazione.<\/dd>\n<dt>Compromissione renale<\/dt>\n<dd>Non sono necessari aggiustamenti posologici per pazienti con compromissione renale lieve o moderata. Non sono disponibili dati per pazienti con compromissione renale grave.<\/dd>\n<dt>Pediatrica<\/dt>\n<dd>Xenical non \u00e8 raccomandato per uso pediatrico al di sotto dei 12 anni in quanto la sicurezza e l&#8217;efficacia non sono state stabilite in questa popolazione. Per adolescenti tra 12 e 18 anni, l&#8217;uso deve essere valutato caso per caso dal medico.<\/dd>\n<\/dl>\n<h4>Consigli dietetici durante il trattamento<\/h4>\n<p>Il paziente deve seguire una dieta nutrizionalmente equilibrata, ipocalorica, contenente circa il 30% delle calorie provenienti da grassi. L&#8217;assunzione di grassi deve essere distribuita equamente tra i tre pasti principali. Se Xenical viene assunto con un pasto molto ricco di grassi, la probabilit\u00e0 di effetti gastrointestinali aumenta.<\/p>\n<details>\n<summary>Istruzioni dettagliate per la dieta ipocalorica<\/summary>\n<p>La dieta deve essere individualizzata in base al profilo metabolico del paziente. Generalmente si raccomanda:<\/p>\n<ul>\n<li>Apporto calorico giornaliero ridotto di 500-600 kcal rispetto al fabbisogno energetico totale<\/li>\n<li>Distribuzione dei macronutrienti: 30% lipidi, 50% carboidrati, 20% proteine<\/li>\n<li>Preferenza per grassi insaturi (olio di oliva, pesce azzurro) rispetto a quelli saturi<\/li>\n<li>Consumo di almeno 5 porzioni di frutta e verdura al giorno<\/li>\n<li>Limitazione del consumo di alcol (fornisce calorie vuote e aumenta il rischio di effetti epatici)<\/li>\n<\/ul>\n<\/details>\n<h3>4.3 Controindicazioni<\/h3>\n<p>Xenical \u00e8 controindicato nei seguenti casi:<\/p>\n<ul>\n<li>Ipersensibilit\u00e0 al principio attivo o ad uno qualsiasi degli eccipienti elencati nella sezione 6.1<\/li>\n<li>Sindrome di malassorbimento cronica<\/li>\n<li>Colestasi<\/li>\n<li>Gravidanza e allattamento<\/li>\n<li>Pazienti con bulimia o anoressia nervosa<\/li>\n<li>Pazienti con calcolosi renali a base di ossalato di calcio (storia pregressa o attuale)<\/li>\n<\/ul>\n<h3>4.4 Avvertenze speciali e precauzioni di impiego<\/h3>\n<p>La perdita di peso pu\u00f2 comportare un miglioramento del controllo metabolico del diabete, rendendo necessario un aggiustamento della posologia dei farmaci antidiabetici (sulfaniluree, metformina o insulina) per evitare episodi di ipoglicemia.<\/p>\n<p>Xenical riduce l&#8217;assorbimento di vitamine liposolubili (A, D, E e K). Per garantire un&#8217;adeguata supplementazione nutrizionale, si raccomanda ai pazienti di assumere un multivitaminico contenente vitamine liposolubili. Il multivitaminico deve essere assunto almeno 2 ore dopo l&#8217;assunzione di Xenical (ad esempio prima di coricarsi) o, preferibilmente, la sera, per garantire l&#8217;assorbimento delle vitamine.<\/p>\n<blockquote>\n<p><strong>Attenzione:<\/strong> Sono stati segnalati casi molto rari di epatite e insufficienza epatica in pazienti in trattamento con orlistat. Se compaiono segni di ittero, urine scure, dolore epatico o prurito intensi, interrompere immediatamente il trattamento e consultare il medico.<\/p>\n<\/blockquote>\n<p>Nei pazienti trattati con medicinali antiepilettici \u00e8 stata segnalata la comparsa di convulsioni. Sebbene il meccanismo non sia noto, si raccomanda cautela in questi pazienti.<\/p>\n<h3>4.5 Interazioni con altri medicinali e altre forme di interazione<\/h3>\n<p>Xenical pu\u00f2 interagire con diversi farmaci alterandone l&#8217;assorbimento o l&#8217;efficacia:<\/p>\n<table>\n<thead>\n<tr>\n<th>Farmaco<\/th>\n<th>Interazione<\/th>\n<th>Raccomandazione<\/th>\n<\/tr>\n<\/thead>\n<tbody>\n<tr>\n<td>Ciclosporina<\/td>\n<td>Riduzione dei livelli plasmatici di ciclosporina fino al 50%<\/td>\n<td>Evitare l&#8217;uso concomitante. Se necessario, aumentare la frequenza del monitoraggio dei livelli di ciclosporina e aggiustare la dose.<\/td>\n<\/tr>\n<tr>\n<td>Levotiroxina<\/td>\n<td>Riduzione dell&#8217;assorbimento della levotiroxina, possibile ipotiroidismo<\/td>\n<td>Assumere levotiroxina almeno 4 ore prima o dopo Xenical. Monitorare la funzione tiroidea.<\/td>\n<\/tr>\n<tr>\n<td>Acenocumarolo\/Warfarina<\/td>\n<td>Alterazione del profilo coagulativo (INR) per riduzione dell&#8217;assorbimento della vitamina K<\/td>\n<td>Monitorare INR frequentemente, specialmente nelle prime settimane di trattamento.<\/td>\n<\/tr>\n<tr>\n<td>Amiodarone<\/td>\n<td>Riduzione delle concentrazioni plasmatiche di amiodarone e del suo metabolita attivo<\/td>\n<td>Usare con cautela e monitorare i livelli di amiodarona se possibile.<\/td>\n<\/tr>\n<tr>\n<td>Anticonvulsivanti<\/td>\n<td>Potenziale riduzione dell&#8217;assorbimento dei farmaci antiepilettici<\/td>\n<td>Monitorare le concentrazioni sieriche dei farmaci antiepilettici.<\/td>\n<\/tr>\n<tr>\n<td>Inibitori della transcriptasi inversa nucleosidica (NRTI)<\/td>\n<td>Possibile riduzione dell&#8217;assorbimento<\/td>\n<td>Valutare il rapporto rischio\/beneficio. Monitoraggio virologico frequente.<\/td>\n<\/tr>\n<tr>\n<td>Sinvastatina\/Pravastatina<\/td>\n<td>Potenziale aumento degli effetti ipolipemizzanti<\/td>\n<td>Monitorare i parametri lipidici per evitare ipolipemia eccessiva.<\/td>\n<\/tr>\n<\/tbody>\n<\/table>\n<h3>4.6 Fertilit\u00e0, gravidanza e allattamento<\/h3>\n<p><strong>Gravidanza:<\/strong> Studi sugli animali non hanno evidenziato effetti teratogeni. Tuttavia, la sicurezza in gravidanza non \u00e8 stata stabilita. Xenical \u00e8 controindicato durante la gravidanza poich\u00e9 la perdita di peso non offre alcun beneficio potenziale in gravidanza e pu\u00f2 causare danni al feto.<\/p>\n<p><strong>Allattamento:<\/strong> Non \u00e8 noto se orlistat viene escreto nel latte umano. Xenical \u00e8 controindicato durante l&#8217;allattamento.<\/p>\n<p><strong>Fertilit\u00e0:<\/strong> Non sono disponibili dati sugli effetti di Xenical sulla fertilit\u00e0 umana.<\/p>\n<h3>4.7 Effetti sulla capacit\u00e0 di guidare veicoli e sull&#8217;uso di macchinari<\/h3>\n<p>Xenical non ha alcun effetto o ha effetto trascurabile sulla capacit\u00e0 di guidare veicoli e sull&#8217;uso di macchinari. Tuttavia, i pazienti devono essere avvisati che in rari casi possono verificarsi vertigini o malessere generale che potrebbero influenzare la guida.<\/p>\n<h3>4.8 Effetti indesiderati<\/h3>\n<p>Gli effetti indesiderati di Xenical sono principalmente di natura gastrointestinale e correlati al meccanismo d&#8217;azione del farmaco. La loro frequenza aumenta con l&#8217;aumentare del contenuto di grassi della dieta.<\/p>\n<table>\n<thead>\n<tr>\n<th>Classe di sistemi organici<\/th>\n<th>Molto comune (\u22651\/10)<\/th>\n<th>Comune (\u22651\/100, &lt;1\/10)<\/th>\n<th>Non comune (\u22651\/1000, &lt;1\/100)<\/th>\n<th>Raro (\u22651\/10000, &lt;1\/1000)<\/th>\n<th>Molto raro (&lt;1\/10000), non nota<\/th>\n<\/tr>\n<\/thead>\n<tbody>\n<tr>\n<td>Patologie dell&#8217;apparato digerente<\/td>\n<td>Dolore\/discomfort addominale, flatulenza con scarico fecale, feci molli, defecazione urgente, steatorrea, defecazione oleosa, incontinenza fecale (oleosa), aumento della defecazione<\/td>\n<td>Rettorragia, dolore rettale, nausea, vomito<\/td>\n<td>Calcolosi biliare, colica biliare, diverticolite, pancreatite, eruzione cutanea bullosa<\/td>\n<td>Epatite, insufficienza epatica (alcuni casi fatali), aumento delle transaminasi e della fosfatasi alcalina<\/td>\n<td>Colite, rettite, ulcere gastrointestinali<\/td>\n<\/tr>\n<tr>\n<td>Patologie sistemiche e condizioni relative alla sede di somministrazione<\/td>\n<td><\/td>\n<td>Influenza, malattie delle vie respiratorie superiori<\/td>\n<td>Ipertermia, stanchezza<\/td>\n<td><\/td>\n<td>Angioedema, anafilassi, broncospasmo<\/td>\n<\/tr>\n<tr>\n<td>Patologie della cute e del tessuto sottocutaneo<\/td>\n<td><\/td>\n<td><\/td>\n<td>Prurito, rash, orticaria<\/td>\n<td>Angioedema<\/td>\n<td>Eruzione cutanea bullo-pustolosa, reazione di fotosensibilit\u00e0, leucocitoclastiche vasculiti<\/td>\n<\/tr>\n<tr>\n<td>Patologie renali e urinarie<\/td>\n<td><\/td>\n<td><\/td>\n<td>Calcolosi renale (ossalato di calcio)<\/td>\n<td><\/td>\n<td>Nefrite interstiziale, alterazione della funzionalit\u00e0 renale<\/td>\n<\/tr>\n<tr>\n<td>Patologie del sistema nervoso<\/td>\n<td><\/td>\n<td>Mal di testa<\/td>\n<td>Vertigini<\/td>\n<td><\/td>\n<td>Convulsioni (in pazienti con epilessia o trattati con anticonvulsivanti)<\/td>\n<\/tr>\n<tr>\n<td>Esami di laboratorio<\/td>\n<td><\/td>\n<td>Ipoglicemia (in pazienti diabetici)<\/td>\n<td>Aumento dei livelli sierici di acido ossalico urinario<\/td>\n<td><\/td>\n<td>Diminuzione delle concentrazioni di vitamine liposolubili (A, D, E, K), aumento del INR (in pazienti anticoagulati)<\/td>\n<\/tr>\n<\/tbody>\n<\/table>\n<details>\n<summary>Descrizione dettagliata degli effetti gastrointestinali<\/summary>\n<p>Gli effetti gastrointestinali sono dovuti all&#8217;azione farmacologica di Xenical che inibisce l&#8217;assorbimento dei grassi alimentari. Tali effetti sono generalmente lievi, compaiono all&#8217;inizio del trattamento, e tendono a risolversi spontaneamente entro poche settimane con la continuazione della terapia e l&#8217;aderenza alla dieta raccomandata. L&#8217;uso di assorbenti intestinali o farmaci antispastici pu\u00f2 alleviare i sintomi. In caso di incontinenza fecale severa, \u00e8 consigliabile l&#8217;uso di assorbenti per incontinenza.<\/p>\n<\/details>\n<h3>4.9 Sovradosaggio<\/h3>\n<p>Studi clinici di fase I condotti con dosi fino a 800 mg tre volte al giorno per 15 giorni non hanno evidenziato segni di tossicit\u00e0 acuta o cronica. In caso di sovradosaggio accidentale, si raccomanda di osservare il paziente e fornire trattamento sintomatico di supporto. Poich\u00e9 orlistat non viene assorbito sistemicamente, non \u00e8 necessario ricorrere a misure come l&#8217;emodialisi, la emoperfusione, la trasfusione di plasma o la lavanda gastrica.<\/p>\n<h2>5. Propriet\u00e0 farmacologiche<\/h2>\n<h3>5.1 Propriet\u00e0 farmacodinamiche<\/h3>\n<p>Categoria farmacoterapeutica: medicinali per la perdita di peso, esclusi prodotti dietetici; inibitori delle lipasi pancreatiche. Codice ATC: A08AB01.<\/p>\n<p><strong>Meccanismo d&#8217;azione:<\/strong> Orlistat \u00e8 un inibitore potente, specifico e irreversibile delle lipasi gastriche e pancreatiche. Nello stomaco e nel duodeno, orlistat forma un legame covalente con il sito attivo della serina delle lipasi, inattivandole. Le lipasi inattivate non sono pi\u00f9 in grado di idrolizzare i trigliceridi alimentari in acidi grassi liberi e monogliceridi assorbibili. Questo effetto si verifica alla dose terapeutica in una finestra di 24-48 ore. Poich\u00e9 i trigliceridi non assorbiti vengono eliminati con le feci, si ottiene un deficit calorico che favorisce la perdita di peso.<\/p>\n<p><strong>Effetti farmacodinamici:<\/strong> Studi clinici hanno dimostrato che orlistat 120 mg tre volte al giorno, in associazione a una dieta ipocalorica, riduce l&#8217;assorbimento dei grassi alimentari di circa il 30%. L&#8217;effetto \u00e8 dose-dipendente. L&#8217;inibizione delle lipasi non determina inibizione sistemica delle lipasi, essendo orlistat minimamente assorbito (&lt;1% della dose orale).<\/p>\n<p><strong>Effetti sul peso corporeo:<\/strong> In studi clinici di durata fino a 2 anni, Xenical ha determinato una perdita di peso significativamente superiore rispetto al placebo (differenza media di circa 2-3 kg). Circa il 50% dei pazienti trattati con Xenical ha raggiunto una perdita di peso \u22655% del peso iniziale dopo 12 mesi, rispetto al 30% dei pazienti trattati con placebo.<\/p>\n<p><strong>Effetti metabolici:<\/strong> Xenical migliora il profilo lipidico (riduzione del colesterolo totale e LDL), la glicemia a digiuno e l&#8217;emoglobina glicata nei pazienti diabetici, e riduce la pressione arteriosa sistolica e diastolica. Ha inoltre mostrato effetti benefici sulla prevenzione del diabete di tipo 2 nei pazienti obesi con intolleranza al glucosio.<\/p>\n<h3>5.2 Propriet\u00e0 farmacocinetiche<\/h3>\n<p><strong>Assorbimento:<\/strong> Orlistat \u00e8 minimamente assorbito dal tratto gastrointestinale. Dopo somministrazione orale di 360 mg di orlistat marcato con carbonio-14, il picco di radioattivit\u00e0 plasmatica \u00e8 stato raggiunto in circa 8 ore. La maggior parte della radioattivit\u00e0 (97-83%) viene recuperata nelle feci, indicando assorbimento sistemico minore (&lt;1% della dose).<\/p>\n<p><strong>Distribuzione:<\/strong> Data l&#8217;elevata lipofilia, orlistat si distribuisce prevalentemente nelle goccioline lipidiche del lume intestinale. Il volume di distribuzione non \u00e8 quantificabile in termini convenzionali essendo il farmaco praticamente confinato nel tratto gastrointestinale.<\/p>\n<p><strong>Metabolismo:<\/strong> Nella parete intestinale, orlistat subisce metabolismo a due prodotti principali: M1 (4-ciclopropilattilbromina, prodotto di idrolisi) e M3 (M1 con catena laterale N-formil leucina scissa). Questi metaboliti sono farmacologicamente inattivi. Non sono stati identificati altri metaboliti significativi.<\/p>\n<p><strong>Eliminazione:<\/strong> La clearance sistemica totale \u00e8 di circa 1,8 L\/h. La emivita terminale plasmatica \u00e8 di circa 1-2 ore, anche se non \u00e8 clinicamente rilevante dato che il farmaco agisce localmente nel lume intestinale. Orlistat e i suoi metaboliti vengono eliminati principalmente per via fecale (97%). Solo il 2% della dose somministrata viene recuperato nelle urine.<\/p>\n<table>\n<thead>\n<tr>\n<th>Parametro farmacocinetico<\/th>\n<th>Valore<\/th>\n<\/tr>\n<\/thead>\n<tbody>\n<tr>\n<td>Biodisponibilit\u00e0 sistemica<\/td>\n<td>&lt;1% (minimale)<\/td>\n<\/tr>\n<tr>\n<td>Picco plasmatico (Tmax)<\/td>\n<td>8 ore (radioattivit\u00e0 totale)<\/td>\n<\/tr>\n<tr>\n<td>Emivita di eliminazione<\/td>\n<td>1-2 ore<\/td>\n<\/tr>\n<tr>\n<td>Legame proteico<\/td>\n<td>99% (albumina e lipoproteine)<\/td>\n<\/tr>\n<tr>\n<td>Clearance sistemica<\/td>\n<td>1,8 L\/h<\/td>\n<\/tr>\n<tr>\n<td>Eliminazione renale<\/td>\n<td>2%<\/td>\n<\/tr>\n<tr>\n<td>Eliminazione fecale<\/td>\n<td>97% (83% come orlistat non modificato)<\/td>\n<\/tr>\n<\/tbody>\n<\/table>\n<h3>5.3 Dati preclinici di sicurezza<\/h3>\n<p>Gli studi tossicologici convenzionali non hanno evidenziato rischi particolari per l&#8217;uomo basandosi su studi di tossicit\u00e0 acuta e cronica su roditori e cani. Orlistat non ha mostratto potenziale cancerogeno in studi a lungo termine su topi e ratti. Non ha evidenziato attivit\u00e0 mutagena in test di genotossicit\u00e0 standard <em>in vitro<\/em> e <em>in vivo<\/em>. In studi sulla riproduzione su animali, non sono stati osservati effetti teratogeni o fetotossici a dosi fino a 1000 mg\/kg\/die (10 volte la dose massima raccomandata nell&#8217;uomo).<\/p>\n<h2>6. Dati farmaceutici<\/h2>\n<h3>6.1 Elenco degli eccipienti<\/h3>\n<p>Contenuto della capsula:<\/p>\n<ul>\n<li>Cellulosa microcristallina (E460)<\/li>\n<li>Carbossimetilamido di sodio (E466)<\/li>\n<li>Silice colloidale anidra (E551)<\/li>\n<li>Gliceridi saturi semi-sintetici<\/li>\n<li>Titanio diossido (E171)<\/li>\n<li>Inchiostro di stampa nero (contiene gommalacca, ossido di ferro nero E172, propilene glicolo, soluzione di ammoniaca concentrata)<\/li>\n<\/ul>\n<p>Involucro della capsula:<\/p>\n<ul>\n<li>Gelatina<\/li>\n<li>Titanio diossido (E171)<\/li>\n<li>Indigotina disolfonato di sodio (E132)<\/li>\n<\/ul>\n<h3>6.2 Incompatibilit\u00e0<\/h3>\n<p>Non pertinente.<\/p>\n<h3>6.3 Periodo di validit\u00e0<\/h3>\n<p>3 anni.<\/p>\n<h3>6.4 Precauzioni particolari per la conservazione<\/h3>\n<p>Conservare a temperatura non superiore a 25\u00b0C. Conservare nella confezione originale per proteggere il medicinale dall&#8217;umidit\u00e0. Tenere fuori dalla portata dei bambini.<\/p>\n<h3>6.5 Natura e contenuto del contenitore<\/h3>\n<p>Blister in PVC\/Aluminio. Confezioni da 21, 42, 84, 168 capsule rigide.<\/p>\n<h3>6.6 Precauzioni particolari per lo smallimento e la manipolazione<\/h3>\n<p>Nessuna precauzione particolare. Qualsiasi medicinale non utilizzato o scaduto deve essere smallito in conformit\u00e0 ai requisiti locali vigenti.<\/p>\n<h2>7. Titolare dell&#8217;autorizzazione all&#8217;immissione in commercio<\/h2>\n<p>Roche S.p.A.<\/p>\n<p>Via Morelli 2<\/p>\n<p>20126 Milano<\/p>\n<p>Italia<\/p>\n<h2>8. Numero dell&#8217;autorizzazione all&#8217;immissione in commercio<\/h2>\n<p>AIC 037644011 (84 capsule)<\/p>\n<p>AIC 037644023 (42 capsule)<\/p>\n<p>AIC 037644035 (168 capsule)<\/p>\n<h2>9. Data della prima autorizzazione o del rinnovo dell&#8217;autorizzazione<\/h2>\n<p>Data della prima autorizzazione: 10 luglio 1998<\/p>\n<p>Data dell&#8217;ultimo rinnovo: 10 luglio 2008<\/p>\n<h2>10. Data della revisione del testo<\/h2>\n<p>Agosto 2023<\/p>\n<hr>\n<div>\n<h3>Informazioni destinate ai pazienti &#8211; Domande frequenti<\/h3>\n<details>\n<summary>Come devo comportarmi se dimentico una dose?<\/summary>\n<p>Se dimentica di assumere una capsula durante o entro un&#8217;ora da un pasto principale, salti la dose dimenticata e continui con il normale schema posologico al pasto successivo. Non assuma una dose doppia per compensare la dimenticanza. Se ha saltato un pasto o il pasto non contiene grassi, pu\u00f2 omettere la dose di Xenical per quel pasto.<\/p>\n<\/details>\n<details>\n<summary>Posso assumere Xenical se sto gi\u00e0 prendendo altri farmaci per dimagrire?<\/summary>\n<p>No, Xenical non deve essere assunto in concomitanza con altri farmaci per la perdita di peso, inclusi prodotti erboristici o da banco contenenti sostanze attive per la riduzione del peso, a meno che non sia espressamente indicato dal medico. L&#8217;uso concomitante pu\u00f2 aumentare il rischio di effetti collaterali senza fornire benefici aggiuntivi significativi.<\/p>\n<\/details>\n<details>\n<summary>Cosa devo mangiare durante il trattamento?<\/summary>\n<p>Deve seguire una dieta equilibrata, ipocalorica e a basso contenuto di grassi (circa il 30% delle calorie totali). Divida l&#8217;assunzione di grassi uniformemente tra i tre pasti principali. Eviti cibi molto grassi (fritture, fast food, prodotti da forno ricchi di burro) per ridurre gli effetti collaterali gastrointestinali. Preferisca carboidrati complessi (pasta integrale, riso, pane integrale), proteine magre (pesce, pollame, legumi) e abbondante frutta e verdura.<\/p>\n<\/details>\n<details>\n<summary>Per quanto tempo posso prendere Xenical?<\/summary>\n<p>Il trattamento con Xenical pu\u00f2 continuare per 2-4 anni se il paziente risponde positivamente (perdita di peso \u22655% dopo 3 mesi di terapia). Se dopo 3 mesi non ha perso almeno il 5% del peso iniziale, il medico pu\u00f2 valutare l&#8217;opportunit\u00e0 di interrompere il trattamento. Il trattamento a lungo termine \u00e8 raccomandato per mantenere il peso raggiunto.<\/p>\n<\/details>\n<\/div>\n<blockquote>\n<p><strong>Nota importante:<\/strong> Questo medicinale \u00e8 soggetto a prescrizione medica. Non superare la dose raccomandata. La dieta ipocalorica \u00e8 parte essenziale del trattamento. Consultare il medico in caso di dubbi o se gli effetti collaterali persistono oltre le prime settimane di trattamento.<\/p>\n<\/blockquote>\n","protected":false},"excerpt":{"rendered":"<p>Xenical \u00e8 un farmaco il cui principio attivo \u00e8 l&#8217;orlistat. \u00c8 noto anche con il nome generico di orlistat o come Alli nella versione a dosaggio ridotto. Si utilizza per aiutare le persone in sovrappeso o obese a dimagrire, impedendo al corpo di assorbire i grassi assunti con il cibo dall&#8217;intestino.<\/p>\n<h2>Prezzo Xenical<\/h2>\n<p>Lo spettro dei prezzi di Xenical si estende da 0.76\u20ac a 2.06\u20ac per ogni pillole. I fattori chiave che influenzano il prezzo sono l&#8217;ampiezza della confezione e il grado di sostanze attive (30 o 270 pillole; 120mg, 60mg).    <\/p>\n","protected":false},"featured_media":285,"comment_status":"open","ping_status":"closed","template":"","meta":{"site-sidebar-layout":"default","site-content-layout":"","ast-site-content-layout":"default","site-content-style":"default","site-sidebar-style":"default","ast-global-header-display":"","ast-banner-title-visibility":"","ast-main-header-display":"","ast-hfb-above-header-display":"","ast-hfb-below-header-display":"","ast-hfb-mobile-header-display":"","site-post-title":"","ast-breadcrumbs-content":"","ast-featured-img":"","footer-sml-layout":"","ast-disable-related-posts":"","theme-transparent-header-meta":"","adv-header-id-meta":"","stick-header-meta":"","header-above-stick-meta":"","header-main-stick-meta":"","header-below-stick-meta":"","astra-migrate-meta-layouts":"default","ast-page-background-enabled":"default","ast-page-background-meta":{"desktop":{"background-color":"var(--ast-global-color-5)","background-image":"","background-repeat":"repeat","background-position":"center center","background-size":"auto","background-attachment":"scroll","background-type":"","background-media":"","overlay-type":"","overlay-color":"","overlay-opacity":"","overlay-gradient":""},"tablet":{"background-color":"","background-image":"","background-repeat":"repeat","background-position":"center center","background-size":"auto","background-attachment":"scroll","background-type":"","background-media":"","overlay-type":"","overlay-color":"","overlay-opacity":"","overlay-gradient":""},"mobile":{"background-color":"","background-image":"","background-repeat":"repeat","background-position":"center center","background-size":"auto","background-attachment":"scroll","background-type":"","background-media":"","overlay-type":"","overlay-color":"","overlay-opacity":"","overlay-gradient":""}},"ast-content-background-meta":{"desktop":{"background-color":"var(--ast-global-color-4)","background-image":"","background-repeat":"repeat","background-position":"center center","background-size":"auto","background-attachment":"scroll","background-type":"","background-media":"","overlay-type":"","overlay-color":"","overlay-opacity":"","overlay-gradient":""},"tablet":{"background-color":"var(--ast-global-color-4)","background-image":"","background-repeat":"repeat","background-position":"center center","background-size":"auto","background-attachment":"scroll","background-type":"","background-media":"","overlay-type":"","overlay-color":"","overlay-opacity":"","overlay-gradient":""},"mobile":{"background-color":"var(--ast-global-color-4)","background-image":"","background-repeat":"repeat","background-position":"center center","background-size":"auto","background-attachment":"scroll","background-type":"","background-media":"","overlay-type":"","overlay-color":"","overlay-opacity":"","overlay-gradient":""}}},"product_brand":[],"product_cat":[17],"product_tag":[],"class_list":{"0":"post-260","1":"product","2":"type-product","3":"status-publish","4":"has-post-thumbnail","6":"product_cat-perdita-di-peso","7":"pa_principio-attivo-orlistat","8":"desktop-align-left","9":"tablet-align-left","10":"mobile-align-left","12":"first","13":"instock","14":"shipping-taxable","15":"product-type-external"},"_links":{"self":[{"href":"https:\/\/www.leamedica.it\/salute\/wp-json\/wp\/v2\/product\/260","targetHints":{"allow":["GET"]}}],"collection":[{"href":"https:\/\/www.leamedica.it\/salute\/wp-json\/wp\/v2\/product"}],"about":[{"href":"https:\/\/www.leamedica.it\/salute\/wp-json\/wp\/v2\/types\/product"}],"replies":[{"embeddable":true,"href":"https:\/\/www.leamedica.it\/salute\/wp-json\/wp\/v2\/comments?post=260"}],"wp:featuredmedia":[{"embeddable":true,"href":"https:\/\/www.leamedica.it\/salute\/wp-json\/wp\/v2\/media\/285"}],"wp:attachment":[{"href":"https:\/\/www.leamedica.it\/salute\/wp-json\/wp\/v2\/media?parent=260"}],"wp:term":[{"taxonomy":"product_brand","embeddable":true,"href":"https:\/\/www.leamedica.it\/salute\/wp-json\/wp\/v2\/product_brand?post=260"},{"taxonomy":"product_cat","embeddable":true,"href":"https:\/\/www.leamedica.it\/salute\/wp-json\/wp\/v2\/product_cat?post=260"},{"taxonomy":"product_tag","embeddable":true,"href":"https:\/\/www.leamedica.it\/salute\/wp-json\/wp\/v2\/product_tag?post=260"}],"curies":[{"name":"wp","href":"https:\/\/api.w.org\/{rel}","templated":true}]}}