{"id":26,"date":"2026-02-07T14:40:42","date_gmt":"2026-02-07T14:40:42","guid":{"rendered":"https:\/\/www.leamedica.it\/salute\/?post_type=product&#038;p=26"},"modified":"2026-02-07T14:40:46","modified_gmt":"2026-02-07T14:40:46","slug":"aldara","status":"publish","type":"product","link":"https:\/\/www.leamedica.it\/salute\/product\/aldara\/","title":{"rendered":"Aldara"},"content":{"rendered":"<br \/>\n<h1>ALDARA 5% CREMA &#8211; Foglio Illustrativo Dettagliato<\/h1>\n<h2>1. Denominazione del Medicinale<\/h2>\n<p><strong>Aldara 5% crema<\/strong><\/p>\n<p>Imiquimod<\/p>\n<hr>\n<h2>2. Composizione Qualitativa e Quantitativa<\/h2>\n<p>Una bustina da 250 mg contiene:<\/p>\n<ul>\n<li><strong>Principio attivo:<\/strong> Imiquimod 12,5 mg (corrispondente al 5% p\/p)<\/li>\n<li><strong>Eccipienti:<\/strong> Acido stearico, alcol cetiristearilico, alcol cetilico, alcool isopropilico, glicerolo, acqua depurata, metilparaben, propilparaben, idrossido di sodio\/xantano (per aggiustare il pH), polisorbato 60, sorbitano stearato<\/li>\n<\/ul>\n<h3>Descrizione della forma farmaceutica<\/h3>\n<p>Crema bianca da bianca-grigiastra, contenuta in singole bustine monodose laminate in alluminio.<\/p>\n<hr>\n<h2>3. Indicazioni Terapeutiche<\/h2>\n<p>Aldara crema \u00e8 indicato per il trattamento topico delle seguenti condizioni:<\/p>\n<h3>Condilomi acuminati genitali ed extragenitali<\/h3>\n<p>Trattamento di verruche genitali (condilomi acuminati) nella zona anogenitale e perianale dell&#8217;adulto.<\/p>\n<h3>Carcinoma basocellulare superficiale (sBCC)<\/h3>\n<p>Trattamento di carcinoma basocellulare superficiale con diametro inferiore o uguale a 2 cm, in pazienti adulti.<\/p>\n<h3>Cheratosi attinica (AK)<\/h3>\n<p>Trattamento di cheratosi attinica clinicamente tipica, non ipercheratosica, non ipertrofica della faccia o del cuoio capelluto in immunocompetenti, quando il numero di lesioni da trattare in una singola seduta \u00e8 limitato a quattro (4) o cinque (5).<\/p>\n<hr>\n<h2>4. Posologia e Modo di Somministrazione<\/h2>\n<h3>Posologia<\/h3>\n<h4>Condilomi acuminati genitali ed extragenitali<\/h4>\n<p>Applicare tre volte alla settimana (ad esempio: luned\u00ec, mercoled\u00ec e venerd\u00ec; o marted\u00ec, gioved\u00ec e sabato) prima della normale ora di sonno, e lasciare sulla pelle per 6-10 ore. Non applicare il medicinale per pi\u00f9 di 16 ore. Il periodo di trattamento standard \u00e8 di 16 settimane. Il medico valuter\u00e0 la risposta clinica al termine delle 16 settimane. Nel caso di residuo o ricomparsa di lesioni, pu\u00f2 essere presa in considerazione una nuova terapia.<\/p>\n<h4>Carcinoma basocellulare superficiale<\/h4>\n<p>Applicare cinque volte alla settimana (dal luned\u00ec al venerd\u00ec) prima della normale ora di sonno, e lasciare sulla pelle per circa 8 ore. Il periodo di trattamento \u00e8 di 6 settimane. Non applicare il medicinale per pi\u00f9 di 8 ore.<\/p>\n<h4>Cheratosi attinica<\/h4>\n<p>Applicare tre volte alla settimana (ad esempio: luned\u00ec, mercoled\u00ec e venerd\u00ec; o marted\u00ec, gioved\u00ec e sabato) prima della normale ora di sonno, e lasciare sulla pelle per circa 8 ore. Il periodo di trattamento \u00e8 di 4 settimane. Seguiranno 4 settimane di periodo di riposo senza trattamento, dopo le quali sar\u00e0 valutata la necessit\u00e0 di un&#8217;ulteriore cura di 4 settimane. Il trattamento non deve protrarsi oltre 8 settimane (due cicli di 4 settimane).<\/p>\n<h3>Modo di somministrazione<\/h3>\n<p>Applicare uno strato sottile di crema Aldara sulla zona affetta e sulla zona circostante circostante (circa 1 cm di pelle sana attorno alla lesione) e stendere fino a quando la crema non sar\u00e0 pi\u00f9 visibile. Lavarsi accuratamente le mani con acqua e sapone prima e dopo l&#8217;applicazione. Non occorre chiudere la zona trattata con garze o cerotti occlusivi. Dopo il periodo di contatto prescritto (6-10 ore), rimuovere la crema lavando la zona trattata con acqua e sapone neutro.<\/p>\n<details>\n<summary>Istruzioni dettagliate per l&#8217;applicazione<\/summary>\n<ol>\n<li>Prima di applicare Aldara, la zona interessata deve essere lavata con acqua e sapone neutro e asciugata accuratamente.<\/li>\n<li>Aprire una bustina nuova proprio prima dell&#8217;uso.<\/li>\n<li>Stendere la crema con le dita su tutta la superficie da trattare.<\/li>\n<li>Strofinare delicatamente fino a quando il farmaco non viene assorbito visibilmente dalla pelle.<\/li>\n<li>Chiudere la bustina e gettarla via (non conservare per usi successivi).<\/li>\n<li>Lasciare la crema sulla pelle per il tempo prescritto (6-10 ore o circa 8 ore a seconda dell&#8217;indicazione).<\/li>\n<li>Dopo il periodo di contatto, rimuovere la crema lavando la zona con acqua e sapone neutro.<\/li>\n<li>Evitare il contatto con gli occhi, le labbra e le narici. In caso di contatto accidentale, sciacquare abbondantemente con acqua.<\/li>\n<\/ol>\n<\/details>\n<hr>\n<h2>5. Controindicazioni<\/h2>\n<ul>\n<li>Ipersensibilit\u00e0 al principio attivo (imiquimod) o ad uno qualsiasi degli eccipienti elencati al paragrafo 6.1.<\/li>\n<li>Pazienti con anomalie autoimmunitarie.<\/li>\n<li>Pazienti con deficit immunitari (sia congeniti che acquisiti).<\/li>\n<li>Bambini e adolescenti di et\u00e0 inferiore ai 12 anni (per i condilomi acuminati).<\/li>\n<li>Bambini e adolescenti di et\u00e0 inferiore ai 18 anni (per carcinoma basocellulare superficiale e cheratosi attinica).<\/li>\n<li>Uso su lesioni aperte o non completamente rimarginate.<\/li>\n<li>Uso sulle mucose (interno dell&#8217;uretra, cervix uteri, vagina, retto, canale anale).<\/li>\n<\/ul>\n<hr>\n<h2>6. Avvertenze Speciali e Precauzioni d&#8217;Impiego<\/h2>\n<h3>Reazioni cutanee locali<\/h3>\n<p>Aldara crema pu\u00f2 causare reazioni infiammatorie locali alla sede di applicazione. Queste reazioni sono comuni e attese, ma possono essere associate a dolore locale, edema, essudato e ulcerazione. Se le reazioni cutanee locali diventano gravi (con erosione intensa o ulcerazione), la crema deve essere rimossa mediante lavaggio con acqua e sapone neutro, e l&#8217;applicazione deve essere sospesa temporaneamente per alcuni giorni. Il trattamento pu\u00f2 essere ripreso quando la reazione infiammatoria si \u00e8 risolta.<\/p>\n<h3>Sistema immunitario<\/h3>\n<p>L&#8217;imiquimod \u00e8 un modificatore della risposta immunitaria. Deve essere usato con cautela in pazienti con malattie autoimmuni attive o precedenti, o in pazienti con immunodepressione.<\/p>\n<h3>Esposizione solare<\/h3>\n<p>Evitare l&#8217;esposizione alla luce solare diretta o alle lampade UV (solari) sulla zona trattata durante l&#8217;uso di Aldara e fino a completa risoluzione della reazione infiammatoria, poich\u00e9 questo potrebbe aumentare il rischio di reazioni fotosensibili.<\/p>\n<h3>Carcinoma basocellulare<\/h3>\n<p>Aldara non \u00e8 indicato per:<\/p>\n<ul>\n<li>Carcinomi basocellulari con sottotipi morfeiformi o infiltrativi<\/li>\n<li>Lesioni di diametro superiore a 2 cm<\/li>\n<li>Lesioni situate a meno di 1 cm dal bordo interno dell&#8217;occhio, del canale lacrimale o della giunzione muco-cutanea<\/li>\n<li>Lesioni con alterazione della barriera cutanea<\/li>\n<li>Lesioni con localizzazione in aree con scarsa vascolarizzazione<\/li>\n<\/ul>\n<p>Deve essere effettuata una biopsia escissionale o incisionale per confermare la diagnosi di carcinoma basocellulare superficiale prima di iniziare il trattamento con Aldara.<\/p>\n<h3>Cheratosi attinica<\/h3>\n<p>Il trattamento deve essere limitato a un massimo di quattro o cinque lesioni per seduta. Deve essere effettuata una biopsia per escludere il carcinoma spinocellulare prima di iniziare il trattamento di lesioni sospette clinicamente o di cheratosi ipercheratosiche o ipertrofiche.<\/p>\n<h3>Condilomi acuminati<\/h3>\n<p>Non \u00e8 stata stabilita la sicurezza e l&#8217;efficacia di Aldara nel trattamento dei condilomi uretrali, intra-anali, intra-vaginali, cervicali o rectali. Non devono essere trattate lesioni interne con Aldara.<\/p>\n<h3>Uso pediatrico<\/h3>\n<p>Non \u00e8 raccomandato l&#8217;uso di Aldara nei bambini di et\u00e0 inferiore ai 12 anni per i condilomi acuminati, e inferiore ai 18 anni per carcinoma basocellulare superficiale e cheratosi attinica.<\/p>\n<hr>\n<h2>7. Interazioni con Altri Medicinali ed Altre Forme di Interazione<\/h2>\n<p>Non sono stati condotti studi formali di interazione farmacocinetica tra l&#8217;imiquimod topico e altri medicinali.<\/p>\n<p>Non applicare contemporaneamente altri prodotti topici (inclusi cosmetici o altri medicinali per uso topico) sulla stessa area di trattamento prima o durante l&#8217;uso di Aldara, a meno che non sia diversamente indicato dal medico.<\/p>\n<hr>\n<h2>8. Gravidanza e Allattamento<\/h2>\n<h3>Gravidanza<\/h3>\n<p>Non ci sono dati clinici adeguati relativi all&#8217;uso di imiquimod topico in donne gravide. Studi sugli animali hanno mostrato tossicit\u00e0 riproduttiva (vedere paragrafo 5.3). Il potenziale rischio per l&#8217;essere umano \u00e8 sconosciuto. Aldara non deve essere usato durante la gravidanza, a meno che il potenziale beneficio non giustifichi il potenziale rischio per il feto.<\/p>\n<h3>Allattamento<\/h3>\n<p>Non \u00e8 noto se l&#8217;imiquimod venga escreto nel latte materno umano dopo applicazione topica. Non possono essere escluse rischi per i lattanti. Una decisione deve essere presa se interrompere l&#8217;allattamento o interrompere\/abstenersi dalla terapia con Aldara, tenendo conto del beneficio dell&#8217;allattamento per il bambino e del beneficio della terapia per la madre.<\/p>\n<h3>Fertilit\u00e0<\/h3>\n<p>Non sono disponibili dati sull&#8217;effetto di imiquimod sulla fertilit\u00e0 umana. Studi negli animali non hanno mostrato effetti dannosi sulla fertilit\u00e0 (vedere paragrafo 5.3).<\/p>\n<hr>\n<h2>9. Effetti sulla Capacit\u00e0 di Guidare Veicoli e di Usare Macchine<\/h2>\n<p>Non ci sono dati che suggeriscano che Aldara crema possa influenzare la capacit\u00e0 di guidare veicoli o di usare macchine. Tuttavia, pazienti che manifestano reazioni sistemiche (come affaticamento, sintomi influenzali, mialgie) devono valutare attentamente la propria condizione prima di intraprendere attivit\u00e0 che richiedono attenzione mentale.<\/p>\n<hr>\n<h2>10. Effetti Indesiderati<\/h2>\n<p>Le reazioni avverse sono elencate per frequenza, definite secondo la seguente convenzione:<\/p>\n<table>\n<thead>\n<tr>\n<th>Classe di frequenza<\/th>\n<th>Definizione<\/th>\n<\/tr>\n<\/thead>\n<tbody>\n<tr>\n<td>Molto comune<\/td>\n<td>\u2265 1\/10<\/td>\n<\/tr>\n<tr>\n<td>Comune<\/td>\n<td>\u2265 1\/100 e < 1\/10<\/td>\n<\/tr>\n<tr>\n<td>Non comune<\/td>\n<td>\u2265 1\/1000 e < 1\/100<\/td>\n<\/tr>\n<tr>\n<td>Raro<\/td>\n<td>\u2265 1\/10.000 e < 1\/1000<\/td>\n<\/tr>\n<tr>\n<td>Molto raro<\/td>\n<td>< 1\/10.000<\/td>\n<\/tr>\n<tr>\n<td>Non nota<\/td>\n<td>Non pu\u00f2 essere definita sulla base dei dati disponibili<\/td>\n<\/tr>\n<\/tbody>\n<\/table>\n<h3>Elenco delle reazioni avverse<\/h3>\n<table>\n<thead>\n<tr>\n<th>Classificazione per sistemi e organi<\/th>\n<th>Frequenza<\/th>\n<th>Reazione avversa<\/th>\n<\/tr>\n<\/thead>\n<tbody>\n<tr>\n<td rowspan=\"10\">Patologie del sistema emolinfopoietico<\/td>\n<td>Comune<\/td>\n<td>Linfadenopatia (adenite regionale)<\/td>\n<\/tr>\n<tr>\n<td>Non comune<\/td>\n<td>Leucopenia, anemia<\/td>\n<\/tr>\n<tr>\n<td>Raro<\/td>\n<td>Trombocitopenia<\/td>\n<\/tr>\n<tr>\n<td>Molto raro<\/td>\n<td>Pancitopenia<\/td>\n<\/tr>\n<tr>\n<td colspan=\"2\"><strong>Patologie del sistema immunitario<\/strong><\/td>\n<\/tr>\n<tr>\n<td>Comune<\/td>\n<td>Reazioni simil-influenzali<\/td>\n<\/tr>\n<tr>\n<td>Non comune<\/td>\n<td>Reazioni di ipersensibilit\u00e0 (incluso angioedema)<\/td>\n<\/tr>\n<tr>\n<td>Molto raro<\/td>\n<td>Esacerbazione di malattia autoimmunitaria<\/td>\n<\/tr>\n<tr>\n<td colspan=\"2\"><strong>Patologie del sistema nervoso<\/strong><\/td>\n<\/tr>\n<tr>\n<td>Comune<\/td>\n<td>Cefalea, capogiri<\/td>\n<\/tr>\n<tr>\n<td rowspan=\"8\">Patologie cardiache<\/td>\n<td>Non comune<\/td>\n<td>Cardiopalmo<\/td>\n<\/tr>\n<tr>\n<td colspan=\"2\"><strong>Patologie vascolari<\/strong><\/td>\n<\/tr>\n<tr>\n<td>Non comune<\/td>\n<td>Ipertensione<\/td>\n<\/tr>\n<tr>\n<td colspan=\"2\"><strong>Patologie respiratorie, toraciche e mediastiniche<\/strong><\/td>\n<\/tr>\n<tr>\n<td>Comune<\/\n\n<td>\n<td>Rinite, congestione nasale, faringite, tosse, dispnea<\/td>\n<\/tr>\n<tr>\n<td>Non comune<\/td>\n<td>Sinusite, polmonite<\/td>\n<\/tr>\n<tr>\n<td colspan=\"2\"><strong>Patologie gastrointestinali<\/strong><\/td>\n<\/tr>\n<tr>\n<td>Comune<\/td>\n<td>Nausea, diarrea, dolore addominale<\/td>\n<\/tr>\n<tr>\n<td rowspan=\"8\">Patologie della cute e del tessuto sottocutaneo<\/td>\n<td>Molto comune<\/td>\n<td>Eritema, prurito, bruciore, irritazione, indurimento, desquamazione, essudazione, croste, edema<\/td>\n<\/tr>\n<tr>\n<td>Comune<\/td>\n<td>Dolore locale, erosione, ulcerazione, formazione di vescicole, secchezza cutanea, screpolature, pigmentazione alterata (iperpigmentazione\/ipopigmentazione), dermatite, follicolite, pustole, papule, eruzioni maculo-papulose<\/td>\n<\/tr>\n<tr>\n<td>Non comune<\/td>\n<td>Impetigine, infezione batterica, infezione fungina, reazione locale severa (con necrosi), cicatrici, ipercheratosi, eruzione psoriasiforme<\/td>\n<\/tr>\n<tr>\n<td>Molto raro<\/td>\n<td>Reazione cutanea sistemica (sindrome di DRESS)<\/td>\n<\/tr>\n<tr>\n<td colspan=\"2\"><strong>Patologie muscoloscheletriche e del tessuto connettivo<\/strong><\/td>\n<\/tr>\n<tr>\n<td>Comune<\/td>\n<td>Mialgia, artralgia, rigidit\u00e0 muscolare, dolore alle estremit\u00e0, mal di schiena<\/td>\n<\/tr>\n<tr>\n<td>Non comune<\/td>\n<td>Tendinite<\/td>\n<\/tr>\n<tr>\n<td colspan=\"2\"><strong>Patologie sistemiche e condizioni relative alla sede di somministrazione<\/strong><\/td>\n<\/tr>\n<tr>\n<td>Comune<\/td>\n<td>Astenia, affaticamento, malessere, piressia, brividi, dolore toracico, edema periferico, influenza, infezione virale<\/td>\n<\/tr>\n<tr>\n<td>Non comune<\/td>\n<td>Sepsi, reazione anafilattica<\/td>\n<\/tr>\n<\/tbody>\n<\/table>\n<h3>Descrizione delle reazioni avverse selezionate<\/h3>\n<p>Le reazioni cutanee locali rappresentano l&#8217;effetto farmacologico atteso dell&#8217;imiquimod. Queste includono eritema, edema, desquamazione, essudazione, croste e ulcerazione. Nella maggior parte dei casi, queste reazioni si risolvono entro 2 settimane dalla fine del trattamento. In casi rari, possono persistere pi\u00f9 a lungo o richiedere interruzione definitiva della terapia.<\/p>\n<p>Le reazioni sistemiche (sintomi simil-influenzali) sono generalmente di lieve o moderata entit\u00e0 e comprendono piressia, brividi, mialgie, artralgie e affaticamento. Questi sintomi tendono a verificarsi durante le prime settimane di trattamento e sono reversibili.<\/p>\n<hr>\n<h2>11. Sovradosaggio<\/h2>\n<p>\u00c8 improbabile che si verifichi sovradosaggio con Aldara crema a causa della bassa sistemicit\u00e0 dell&#8217;assorbimento percutaneo. Tuttavia, l&#8217;applicazione accidentale di quantit\u00e0 eccessive o su aree pi\u00f9 estese del prescritto pu\u00f2 aumentare l&#8217;incidenza e la severit\u00e0 delle reazioni locali (irritazione, eritema, edema, ulcerazione).<\/p>\n<p>In caso di ingestione accidentale, devono essere attuate le normali procedure di emergenza. Non sono disponibili antidoti specifici per l&#8217;imiquimod. Il trattamento deve essere sintomatico e di supporto.<\/p>\n<hr>\n<h2>12. Propriet\u00e0 Farmacodinamiche<\/h2>\n<p>Categoria farmacoterapeutica: Preparati dermatologici &#8211; Altri preparati dermatologici. Codice ATC: D06BB10.<\/p>\n<p>L&#8217;imiquimod \u00e8 un modificatore della risposta immunitaria che agisce stimolando le cellule del sistema immunitario innato e acquisito. Agisce come agonista dei recettori Toll-like 7 (TLR7) presenti sulle cellule dendritiche plasmacitoidi, macrofagi e cheratinociti.<\/p>\n<p>La stimolazione dei TLR7 induce la secrezione locale di citochine pro-infiammatorie (in particolare interferon-alfa, TNF-alfa, IL-1, IL-6, IL-8, IL-12) che promuovono una risposta immunitaria cellulare contro le cellule tumorali o le cellule infette da HPV.<\/p>\n<p>Studi clinici hanno dimostrato l&#8217;efficacia di Aldara nel trattamento del carcinoma basocellulare superficiale (tasso di successo istologico fino al 80%), nella cheratosi attinica (tasso di successo clinico fino al 45-50%) e nei condilomi acuminati (tasso di clearance fino al 50%).<\/p>\n<hr>\n<h2>13. Propriet\u00e0 Farmacocinetiche<\/h2>\n<p>L&#8217;assorbimento sistemico dell&#8217;imiquimod attraverso la pelle intatta \u00e8 minimo. Dopo applicazione topica su superfici cutanee estese, le concentrazioni plasmatiche di imiquimod sono generalmente inferiori ai limiti di quantificazione (< 0,1 ng\/ml).<\/p>\n<p>La penetrazione cutanea \u00e8 maggiore in presenza di erosione o ulcerazione. L&#8217;imiquimod si lega alle proteine plasmatiche per circa il 90%. Il metabolismo avviene principalmente a livello epatico. L&#8217;emivita terminale \u00e8 di circa 30 ore.<\/p>\n<p>L&#8217;escrezione avviene prevalentemente attraverso i reni (meno dell&#8217;1% della dose applicata viene recuperata nelle urine).<\/p>\n<hr>\n<h2>14. Dati Preclinici di Sicurezza<\/h2>\n<p>Gli studi preclinici non hanno evidenziato rischi particolari per l&#8217;uomo basati su studi convenzionali di farmacologia di sicurezza, tossicit\u00e0 acuta, tossicit\u00e0 dopo dosi ripetute, genotossicit\u00e0 e potenziale cancerogeno.<\/p>\n<p>Studi di tossicit\u00e0 sulla riproduzione condotti su roditori hanno mostrato effetti embriotossici e teratogeni (ritardi di ossificazione, anomalie viscerali) a dosi sistemiche elevate. Tuttavia, a dosi terapeutiche topiche, l&#8217;esposizione sistemica \u00e8 trascurabile.<\/p>\n<hr>\n<h2>15. Informazioni Farmaceutiche<\/h2>\n<h3>Elenco degli eccipienti<\/h3>\n<ul>\n<li>Acido stearico<\/li>\n<li>Alcol cetiristearilico<\/li>\n<li>Alcol cetilico<\/li>\n<li>Alcool isopropilico<\/li>\n<li>Glicerolo (85%)<\/li>\n<li>Metilparahidrossibenzoato (E218)<\/li>\n<li>Propilparahidrossibenzoato (E216)<\/li>\n<li>Idrossido di sodio\/xantano (per aggiustare il pH)<\/li>\n<li>Polisorbato 60<\/li>\n<li>Sorbitano stearato<\/li>\n<li>Acqua depurata<\/li>\n<\/ul>\n<h3>Incompatibilit\u00e0<\/h3>\n<p>Non applicare contemporaneamente prodotti occlusivi (garze, cerotti) sulla zona trattata.<\/p>\n<h3>Periodo di validit\u00e0<\/h3>\n<p>2 anni dalla data di produzione.<\/p>\n<h3>Precauzioni per la conservazione<\/h3>\n<p>Conservare a temperatura non superiore ai 25\u00b0C. Non congelare. Tenere le bustine fuori dalla portata dei bambini. Conservare nella confezione originale per proteggere dalla luce.<\/p>\n<h3>Natura e contenuto del contenitore<\/h3>\n<p>Scatola contenente 12 bustine monodose laminate in alluminio da 250 mg ciascuna, munite di tappo a vite in polietilene, contenenti ciascuna 12,5 mg di imiquimod.<\/p>\n<h3>Istruzioni per l&#8217;uso\/manipolazione<\/h3>\n<p>Ogni bustina monodose \u00e8 per uso singolo. Dopo l&#8217;apertura, la bustina deve essere utilizzata immediatamente. Non conservare la bustina aperta per usi futuri. Gettare la bustina anche se residui di crema sono ancora presenti dopo l&#8217;applicazione.<\/p>\n<hr>\n<h2>16. Data di Revisione del Testo<\/h2>\n<p>Ultima revisione: Ottobre 2023<\/p>\n<details>\n<summary>Informazioni aggiuntive per il paziente<\/summary>\n<div>\n<p><strong>Importante:<\/strong> Questo medicinale \u00e8 stato prescritto soltanto per lei. Non lo dia ad altre persone, anche se i sintomi sono uguali ai suoi, perch\u00e9 potrebbe essere pericoloso.<\/p>\n<p>Conservi questo foglio illustrativo. Potrebbe aver bisogno di leggerlo di nuovo.<\/p>\n<p>Se ha qualsiasi dubbio, si rivolga al medico o al farmacista.<\/p>\n<p>Se manifesta un effetto indesiderato, anche non elencato in questo foglio, lo comunichi al medico o al farmacista.<\/p>\n<p>Questo medicinale pu\u00f2 influire sulla funzione sessuale. Durante il trattamento dei condilomi acuminati, eviti il contatto sessuale con le zone trattate anche se ha usato un profilattico, poich\u00e9 la crema pu\u00f2 compromettere il materiale del profilattico o della diaframma vaginale e ridurne l&#8217;efficacia.<\/p>\n<p>La scomparsa delle lesioni non implica la guarigione definitiva: il virus HPV pu\u00f2 persistere in forma latente e le lesioni possono ricomparire.<\/p>\n<p>Durante il trattamento del carcinoma basocellulare superficiale, eviti di trattare la lesione con trattamenti chirurgici o altri trattamenti locali prima della valutazione finale da parte del medico.<\/p>\n<\/div>\n<\/details>\n<blockquote>\n<p><strong>Titolare dell&#8217;autorizzazione all&#8217;immissione in commercio:<\/strong><br \/>\nViatris Healthcare S.r.l.<br \/>\nVia Martin Luther King, 96<br \/>\n20097 San Donato Milanese (MI)<br \/>\nItalia<\/p>\n<p><strong>Numero dell&#8217;autorizzazione all&#8217;immissione in commercio:<\/strong><br \/>\n12 bustine: AIC 036741012<\/p>\n<p><strong>Fabricante:<\/strong><br \/>\nRottendorf Pharma GmbH<br \/>\nOstenfelder Stra\u00dfe 51-61<br \/>\n59320 Ennigerloh<br \/>\nGermania<\/p>\n<p>Oppure<\/p>\n<p>3M Health Care Limited<br \/>\nLoughborough, Leicestershire<br \/>\nRegno Unito<\/p>\n<\/blockquote>\n<hr>\n<p><small>Questo foglio illustrativo \u00e8 stato approvato dalla Agenzia Italiana del Farmaco (AIFA). Per informazioni aggiornate su questo medicinale, consultare il sito web dell&#8217;AIFA (www.aifa.gov.it).<\/small><\/p>\n","protected":false},"excerpt":{"rendered":"<p>Aldara \u00e8 una crema medica il cui principio attivo \u00e8 l&#8217;imiquimod. \u00c8 anche nota come crema all&#8217;imiquimod o imiquimod al 5%. Si usa per trattare le verruche genitali e anali, le cheratosi attiniche che sono piccole zone ruvide e squamose sulla pelle esposta al sole, e il carcinoma basocellulare superficiale, un tipo comune di tumore della pelle.<\/p>\n<h2>Prezzo Aldara<\/h2>\n<p>Lo spettro dei prezzi di Aldara si estende da 22.72\u20ac a 33.9\u20ac per ogni creme. I fattori chiave che influenzano il prezzo sono l&#8217;ampiezza della confezione e il grado di sostanze attive (1 o 10 creme; 5percent).    <\/p>\n","protected":false},"featured_media":56,"comment_status":"open","ping_status":"closed","template":"","meta":{"site-sidebar-layout":"default","site-content-layout":"","ast-site-content-layout":"default","site-content-style":"default","site-sidebar-style":"default","ast-global-header-display":"","ast-banner-title-visibility":"","ast-main-header-display":"","ast-hfb-above-header-display":"","ast-hfb-below-header-display":"","ast-hfb-mobile-header-display":"","site-post-title":"","ast-breadcrumbs-content":"","ast-featured-img":"","footer-sml-layout":"","ast-disable-related-posts":"","theme-transparent-header-meta":"","adv-header-id-meta":"","stick-header-meta":"","header-above-stick-meta":"","header-main-stick-meta":"","header-below-stick-meta":"","astra-migrate-meta-layouts":"default","ast-page-background-enabled":"default","ast-page-background-meta":{"desktop":{"background-color":"var(--ast-global-color-5)","background-image":"","background-repeat":"repeat","background-position":"center center","background-size":"auto","background-attachment":"scroll","background-type":"","background-media":"","overlay-type":"","overlay-color":"","overlay-opacity":"","overlay-gradient":""},"tablet":{"background-color":"","background-image":"","background-repeat":"repeat","background-position":"center center","background-size":"auto","background-attachment":"scroll","background-type":"","background-media":"","overlay-type":"","overlay-color":"","overlay-opacity":"","overlay-gradient":""},"mobile":{"background-color":"","background-image":"","background-repeat":"repeat","background-position":"center center","background-size":"auto","background-attachment":"scroll","background-type":"","background-media":"","overlay-type":"","overlay-color":"","overlay-opacity":"","overlay-gradient":""}},"ast-content-background-meta":{"desktop":{"background-color":"var(--ast-global-color-4)","background-image":"","background-repeat":"repeat","background-position":"center center","background-size":"auto","background-attachment":"scroll","background-type":"","background-media":"","overlay-type":"","overlay-color":"","overlay-opacity":"","overlay-gradient":""},"tablet":{"background-color":"var(--ast-global-color-4)","background-image":"","background-repeat":"repeat","background-position":"center center","background-size":"auto","background-attachment":"scroll","background-type":"","background-media":"","overlay-type":"","overlay-color":"","overlay-opacity":"","overlay-gradient":""},"mobile":{"background-color":"var(--ast-global-color-4)","background-image":"","background-repeat":"repeat","background-position":"center center","background-size":"auto","background-attachment":"scroll","background-type":"","background-media":"","overlay-type":"","overlay-color":"","overlay-opacity":"","overlay-gradient":""}}},"product_brand":[],"product_cat":[19],"product_tag":[],"class_list":{"0":"post-26","1":"product","2":"type-product","3":"status-publish","4":"has-post-thumbnail","6":"product_cat-cura-della-pelle","7":"pa_principio-attivo-imiquimod","8":"desktop-align-left","9":"tablet-align-left","10":"mobile-align-left","12":"first","13":"instock","14":"shipping-taxable","15":"product-type-external"},"_links":{"self":[{"href":"https:\/\/www.leamedica.it\/salute\/wp-json\/wp\/v2\/product\/26","targetHints":{"allow":["GET"]}}],"collection":[{"href":"https:\/\/www.leamedica.it\/salute\/wp-json\/wp\/v2\/product"}],"about":[{"href":"https:\/\/www.leamedica.it\/salute\/wp-json\/wp\/v2\/types\/product"}],"replies":[{"embeddable":true,"href":"https:\/\/www.leamedica.it\/salute\/wp-json\/wp\/v2\/comments?post=26"}],"wp:featuredmedia":[{"embeddable":true,"href":"https:\/\/www.leamedica.it\/salute\/wp-json\/wp\/v2\/media\/56"}],"wp:attachment":[{"href":"https:\/\/www.leamedica.it\/salute\/wp-json\/wp\/v2\/media?parent=26"}],"wp:term":[{"taxonomy":"product_brand","embeddable":true,"href":"https:\/\/www.leamedica.it\/salute\/wp-json\/wp\/v2\/product_brand?post=26"},{"taxonomy":"product_cat","embeddable":true,"href":"https:\/\/www.leamedica.it\/salute\/wp-json\/wp\/v2\/product_cat?post=26"},{"taxonomy":"product_tag","embeddable":true,"href":"https:\/\/www.leamedica.it\/salute\/wp-json\/wp\/v2\/product_tag?post=26"}],"curies":[{"name":"wp","href":"https:\/\/api.w.org\/{rel}","templated":true}]}}